{"id":114,"date":"2018-07-30T14:31:11","date_gmt":"2018-07-30T14:31:11","guid":{"rendered":"http:\/\/yayat.org\/?page_id=114"},"modified":"2023-02-01T14:01:30","modified_gmt":"2023-02-01T12:01:30","slug":"labs","status":"publish","type":"page","link":"https:\/\/yayat.org\/fr\/labs\/","title":{"rendered":"Laboratoires"},"content":{"rendered":"<p><\/p>\n<h3 dir=\"ltr\" style=\"text-align: left\"><span style=\"color: #ff0000\"><strong>La soci\u00e9t\u00e9 dispose de laboratoires sp\u00e9cialis\u00e9s qui sont:<\/strong><\/span><\/h3>\n<p dir=\"ltr\" style=\"text-align: left\"><strong>* Laboratoire d&rsquo;essais chimiques<\/strong><\/p>\n<p dir=\"ltr\" style=\"text-align: left\"><strong>* Laboratoire d&rsquo;essais m\u00e9caniques\u00a0<\/strong><\/p>\n<h3 dir=\"ltr\" style=\"text-align: left\"><span style=\"color: #ff0000\"><strong>Ces laboratoires contiennent tout le mat\u00e9riel:<\/strong><\/span><\/h3>\n<p dir=\"ltr\" style=\"text-align: left\"><strong>* Mati\u00e8res premi\u00e8res<\/strong><\/p>\n<p dir=\"ltr\" style=\"text-align: left\"><strong>* Production finale<\/strong><\/p>\n<h4 dir=\"ltr\" style=\"text-align: left\"><strong>Cet \u00e9quipement est:<\/strong><\/h4>\n<p dir=\"ltr\" style=\"text-align: left\"><strong>* Machine d&rsquo;essai de fatigue des ressorts<\/strong><\/p>\n<p dir=\"ltr\" style=\"text-align: left\"><strong>* \u00c9quipement d&rsquo;essai de duret\u00e9<\/strong><\/p>\n<p dir=\"ltr\" style=\"text-align: left\"><strong>* Testeurs de charge de ressort<\/strong><\/p>\n<p dir=\"ltr\" style=\"text-align: left\"><strong>* Machine d&rsquo;essai de fissure de ressort<\/strong><\/p>\n<p dir=\"ltr\" style=\"text-align: left\"><strong>* \u00c9quipement de mesure de traction<\/strong><\/p>\n<p dir=\"ltr\" style=\"text-align: left\"><strong>* Jauge de pression<\/strong><\/p>\n<p dir=\"ltr\" style=\"text-align: left\"><strong>Coefficient de friction et Testeur de frein *<\/strong><\/p>\n<h3 dir=\"ltr\" style=\"text-align: left\"><span style=\"color: #ff0000\"><strong>Tous ces appareils sont \u00e9talonn\u00e9s p\u00e9riodiquement par les autorit\u00e9s accr\u00e9dit\u00e9es pour les sp\u00e9cifications et la qualit\u00e9<\/strong><\/span><\/h3>\n<p dir=\"ltr\" style=\"text-align: left\">\u00a0<\/p>\n<p><\/p>","protected":false},"excerpt":{"rendered":"<p>La soci\u00e9t\u00e9 dispose de laboratoires sp\u00e9cialis\u00e9s qui sont: * Laboratoire d&rsquo;essais chimiques * Laboratoire d&rsquo;essais m\u00e9caniques\u00a0 Ces laboratoires contiennent tout le mat\u00e9riel: * Mati\u00e8res premi\u00e8res * Production finale Cet \u00e9quipement est: * Machine d&rsquo;essai de fatigue des ressorts * \u00c9quipement d&rsquo;essai de duret\u00e9 * Testeurs de charge de ressort * Machine d&rsquo;essai de fissure de [&hellip;]<\/p>\n","protected":false},"author":1,"featured_media":115,"parent":0,"menu_order":6,"comment_status":"closed","ping_status":"closed","template":"labs.php","meta":{"_acf_changed":false,"footnotes":""},"class_list":["post-114","page","type-page","status-publish","has-post-thumbnail","hentry"],"acf":{"photo_gallery":{"gallery":[[{"id":134,"title":"lab11","caption":"","full_image_url":"https:\/\/yayat.org\/ya_con\/uploads\/2018\/07\/lab11.jpg","thumbnail_image_url":"https:\/\/yayat.org\/ya_con\/uploads\/2018\/07\/lab11-150x101.jpg","large_srcset":"https:\/\/yayat.org\/ya_con\/uploads\/2018\/07\/lab11.jpg 370w, https:\/\/yayat.org\/ya_con\/uploads\/2018\/07\/lab11-150x101.jpg 150w, https:\/\/yayat.org\/ya_con\/uploads\/2018\/07\/lab11-300x203.jpg 300w","medium_srcset":"https:\/\/yayat.org\/ya_con\/uploads\/2018\/07\/lab11-300x203.jpg 300w, https:\/\/yayat.org\/ya_con\/uploads\/2018\/07\/lab11-150x101.jpg 150w, https:\/\/yayat.org\/ya_con\/uploads\/2018\/07\/lab11.jpg 370w","media_details":{"width":370,"height":250,"sizes":{"thumbnail":{"file":"lab11-150x101.jpg","width":150,"height":101,"mime-type":"image\/jpeg","source_url":"https:\/\/yayat.org\/ya_con\/uploads\/2018\/07\/lab11-150x101.jpg"},"medium":{"file":"lab11-300x203.jpg","width":300,"height":203,"mime-type":"image\/jpeg","source_url":"https:\/\/yayat.org\/ya_con\/uploads\/2018\/07\/lab11-300x203.jpg"}}},"alt_text":"","url":"","target":""},{"id":133,"title":"lab7","caption":"","full_image_url":"https:\/\/yayat.org\/ya_con\/uploads\/2018\/07\/lab7.jpg","thumbnail_image_url":"https:\/\/yayat.org\/ya_con\/uploads\/2018\/07\/lab7-150x101.jpg","large_srcset":"https:\/\/yayat.org\/ya_con\/uploads\/2018\/07\/lab7.jpg 370w, https:\/\/yayat.org\/ya_con\/uploads\/2018\/07\/lab7-150x101.jpg 150w, https:\/\/yayat.org\/ya_con\/uploads\/2018\/07\/lab7-300x203.jpg 300w","medium_srcset":"https:\/\/yayat.org\/ya_con\/uploads\/2018\/07\/lab7-300x203.jpg 300w, https:\/\/yayat.org\/ya_con\/uploads\/2018\/07\/lab7-150x101.jpg 150w, https:\/\/yayat.org\/ya_con\/uploads\/2018\/07\/lab7.jpg 370w","media_details":{"width":370,"height":250,"sizes":{"thumbnail":{"file":"lab7-150x101.jpg","width":150,"height":101,"mime-type":"image\/jpeg","source_url":"https:\/\/yayat.org\/ya_con\/uploads\/2018\/07\/lab7-150x101.jpg"},"medium":{"file":"lab7-300x203.jpg","width":300,"height":203,"mime-type":"image\/jpeg","source_url":"https:\/\/yayat.org\/ya_con\/uploads\/2018\/07\/lab7-300x203.jpg"}}},"alt_text":"","url":"","target":""},{"id":132,"title":"lab8","caption":"","full_image_url":"https:\/\/yayat.org\/ya_con\/uploads\/2018\/07\/lab8.jpg","thumbnail_image_url":"https:\/\/yayat.org\/ya_con\/uploads\/2018\/07\/lab8-150x101.jpg","large_srcset":"https:\/\/yayat.org\/ya_con\/uploads\/2018\/07\/lab8.jpg 370w, https:\/\/yayat.org\/ya_con\/uploads\/2018\/07\/lab8-150x101.jpg 150w, https:\/\/yayat.org\/ya_con\/uploads\/2018\/07\/lab8-300x203.jpg 300w","medium_srcset":"https:\/\/yayat.org\/ya_con\/uploads\/2018\/07\/lab8-300x203.jpg 300w, https:\/\/yayat.org\/ya_con\/uploads\/2018\/07\/lab8-150x101.jpg 150w, https:\/\/yayat.org\/ya_con\/uploads\/2018\/07\/lab8.jpg 370w","media_details":{"width":370,"height":250,"sizes":{"thumbnail":{"file":"lab8-150x101.jpg","width":150,"height":101,"mime-type":"image\/jpeg","source_url":"https:\/\/yayat.org\/ya_con\/uploads\/2018\/07\/lab8-150x101.jpg"},"medium":{"file":"lab8-300x203.jpg","width":300,"height":203,"mime-type":"image\/jpeg","source_url":"https:\/\/yayat.org\/ya_con\/uploads\/2018\/07\/lab8-300x203.jpg"}}},"alt_text":"","url":"","target":""},{"id":131,"title":"lab6","caption":"","full_image_url":"https:\/\/yayat.org\/ya_con\/uploads\/2018\/07\/lab6.jpg","thumbnail_image_url":"https:\/\/yayat.org\/ya_con\/uploads\/2018\/07\/lab6-150x101.jpg","large_srcset":"https:\/\/yayat.org\/ya_con\/uploads\/2018\/07\/lab6.jpg 370w, https:\/\/yayat.org\/ya_con\/uploads\/2018\/07\/lab6-150x101.jpg 150w, https:\/\/yayat.org\/ya_con\/uploads\/2018\/07\/lab6-300x203.jpg 300w","medium_srcset":"https:\/\/yayat.org\/ya_con\/uploads\/2018\/07\/lab6-300x203.jpg 300w, https:\/\/yayat.org\/ya_con\/uploads\/2018\/07\/lab6-150x101.jpg 150w, https:\/\/yayat.org\/ya_con\/uploads\/2018\/07\/lab6.jpg 370w","media_details":{"width":370,"height":250,"sizes":{"thumbnail":{"file":"lab6-150x101.jpg","width":150,"height":101,"mime-type":"image\/jpeg","source_url":"https:\/\/yayat.org\/ya_con\/uploads\/2018\/07\/lab6-150x101.jpg"},"medium":{"file":"lab6-300x203.jpg","width":300,"height":203,"mime-type":"image\/jpeg","source_url":"https:\/\/yayat.org\/ya_con\/uploads\/2018\/07\/lab6-300x203.jpg"}}},"alt_text":"","url":"","target":""},{"id":130,"title":"lab5","caption":"","full_image_url":"https:\/\/yayat.org\/ya_con\/uploads\/2018\/07\/lab5.jpg","thumbnail_image_url":"https:\/\/yayat.org\/ya_con\/uploads\/2018\/07\/lab5-150x101.jpg","large_srcset":"https:\/\/yayat.org\/ya_con\/uploads\/2018\/07\/lab5.jpg 370w, https:\/\/yayat.org\/ya_con\/uploads\/2018\/07\/lab5-150x101.jpg 150w, https:\/\/yayat.org\/ya_con\/uploads\/2018\/07\/lab5-300x203.jpg 300w","medium_srcset":"https:\/\/yayat.org\/ya_con\/uploads\/2018\/07\/lab5-300x203.jpg 300w, https:\/\/yayat.org\/ya_con\/uploads\/2018\/07\/lab5-150x101.jpg 150w, https:\/\/yayat.org\/ya_con\/uploads\/2018\/07\/lab5.jpg 370w","media_details":{"width":370,"height":250,"sizes":{"thumbnail":{"file":"lab5-150x101.jpg","width":150,"height":101,"mime-type":"image\/jpeg","source_url":"https:\/\/yayat.org\/ya_con\/uploads\/2018\/07\/lab5-150x101.jpg"},"medium":{"file":"lab5-300x203.jpg","width":300,"height":203,"mime-type":"image\/jpeg","source_url":"https:\/\/yayat.org\/ya_con\/uploads\/2018\/07\/lab5-300x203.jpg"}}},"alt_text":"","url":"","target":""},{"id":129,"title":"lab2","caption":"","full_image_url":"https:\/\/yayat.org\/ya_con\/uploads\/2018\/07\/lab2.jpg","thumbnail_image_url":"https:\/\/yayat.org\/ya_con\/uploads\/2018\/07\/lab2-150x101.jpg","large_srcset":"https:\/\/yayat.org\/ya_con\/uploads\/2018\/07\/lab2.jpg 370w, https:\/\/yayat.org\/ya_con\/uploads\/2018\/07\/lab2-150x101.jpg 150w, https:\/\/yayat.org\/ya_con\/uploads\/2018\/07\/lab2-300x203.jpg 300w","medium_srcset":"https:\/\/yayat.org\/ya_con\/uploads\/2018\/07\/lab2-300x203.jpg 300w, https:\/\/yayat.org\/ya_con\/uploads\/2018\/07\/lab2-150x101.jpg 150w, https:\/\/yayat.org\/ya_con\/uploads\/2018\/07\/lab2.jpg 370w","media_details":{"width":370,"height":250,"sizes":{"thumbnail":{"file":"lab2-150x101.jpg","width":150,"height":101,"mime-type":"image\/jpeg","source_url":"https:\/\/yayat.org\/ya_con\/uploads\/2018\/07\/lab2-150x101.jpg"},"medium":{"file":"lab2-300x203.jpg","width":300,"height":203,"mime-type":"image\/jpeg","source_url":"https:\/\/yayat.org\/ya_con\/uploads\/2018\/07\/lab2-300x203.jpg"}}},"alt_text":"","url":"","target":""},{"id":128,"title":"lab12","caption":"","full_image_url":"https:\/\/yayat.org\/ya_con\/uploads\/2018\/07\/lab12.jpg","thumbnail_image_url":"https:\/\/yayat.org\/ya_con\/uploads\/2018\/07\/lab12-150x101.jpg","large_srcset":"https:\/\/yayat.org\/ya_con\/uploads\/2018\/07\/lab12.jpg 370w, https:\/\/yayat.org\/ya_con\/uploads\/2018\/07\/lab12-150x101.jpg 150w, https:\/\/yayat.org\/ya_con\/uploads\/2018\/07\/lab12-300x203.jpg 300w","medium_srcset":"https:\/\/yayat.org\/ya_con\/uploads\/2018\/07\/lab12-300x203.jpg 300w, https:\/\/yayat.org\/ya_con\/uploads\/2018\/07\/lab12-150x101.jpg 150w, https:\/\/yayat.org\/ya_con\/uploads\/2018\/07\/lab12.jpg 370w","media_details":{"width":370,"height":250,"sizes":{"thumbnail":{"file":"lab12-150x101.jpg","width":150,"height":101,"mime-type":"image\/jpeg","source_url":"https:\/\/yayat.org\/ya_con\/uploads\/2018\/07\/lab12-150x101.jpg"},"medium":{"file":"lab12-300x203.jpg","width":300,"height":203,"mime-type":"image\/jpeg","source_url":"https:\/\/yayat.org\/ya_con\/uploads\/2018\/07\/lab12-300x203.jpg"}}},"alt_text":"","url":"","target":""},{"id":127,"title":"lab10","caption":"","full_image_url":"https:\/\/yayat.org\/ya_con\/uploads\/2018\/07\/lab10.jpg","thumbnail_image_url":"https:\/\/yayat.org\/ya_con\/uploads\/2018\/07\/lab10-150x101.jpg","large_srcset":"https:\/\/yayat.org\/ya_con\/uploads\/2018\/07\/lab10.jpg 370w, https:\/\/yayat.org\/ya_con\/uploads\/2018\/07\/lab10-150x101.jpg 150w, https:\/\/yayat.org\/ya_con\/uploads\/2018\/07\/lab10-300x203.jpg 300w","medium_srcset":"https:\/\/yayat.org\/ya_con\/uploads\/2018\/07\/lab10-300x203.jpg 300w, https:\/\/yayat.org\/ya_con\/uploads\/2018\/07\/lab10-150x101.jpg 150w, https:\/\/yayat.org\/ya_con\/uploads\/2018\/07\/lab10.jpg 370w","media_details":{"width":370,"height":250,"sizes":{"thumbnail":{"file":"lab10-150x101.jpg","width":150,"height":101,"mime-type":"image\/jpeg","source_url":"https:\/\/yayat.org\/ya_con\/uploads\/2018\/07\/lab10-150x101.jpg"},"medium":{"file":"lab10-300x203.jpg","width":300,"height":203,"mime-type":"image\/jpeg","source_url":"https:\/\/yayat.org\/ya_con\/uploads\/2018\/07\/lab10-300x203.jpg"}}},"alt_text":"","url":"","target":""},{"id":126,"title":"lab1","caption":"","full_image_url":"https:\/\/yayat.org\/ya_con\/uploads\/2018\/07\/lab1.jpg","thumbnail_image_url":"https:\/\/yayat.org\/ya_con\/uploads\/2018\/07\/lab1-150x101.jpg","large_srcset":"https:\/\/yayat.org\/ya_con\/uploads\/2018\/07\/lab1.jpg 370w, https:\/\/yayat.org\/ya_con\/uploads\/2018\/07\/lab1-150x101.jpg 150w, https:\/\/yayat.org\/ya_con\/uploads\/2018\/07\/lab1-300x203.jpg 300w","medium_srcset":"https:\/\/yayat.org\/ya_con\/uploads\/2018\/07\/lab1-300x203.jpg 300w, https:\/\/yayat.org\/ya_con\/uploads\/2018\/07\/lab1-150x101.jpg 150w, https:\/\/yayat.org\/ya_con\/uploads\/2018\/07\/lab1.jpg 370w","media_details":{"width":370,"height":250,"sizes":{"thumbnail":{"file":"lab1-150x101.jpg","width":150,"height":101,"mime-type":"image\/jpeg","source_url":"https:\/\/yayat.org\/ya_con\/uploads\/2018\/07\/lab1-150x101.jpg"},"medium":{"file":"lab1-300x203.jpg","width":300,"height":203,"mime-type":"image\/jpeg","source_url":"https:\/\/yayat.org\/ya_con\/uploads\/2018\/07\/lab1-300x203.jpg"}}},"alt_text":"","url":"","target":""},{"id":125,"title":"lab14","caption":"","full_image_url":"https:\/\/yayat.org\/ya_con\/uploads\/2018\/07\/lab14.jpg","thumbnail_image_url":"https:\/\/yayat.org\/ya_con\/uploads\/2018\/07\/lab14-150x101.jpg","large_srcset":"https:\/\/yayat.org\/ya_con\/uploads\/2018\/07\/lab14.jpg 370w, https:\/\/yayat.org\/ya_con\/uploads\/2018\/07\/lab14-150x101.jpg 150w, https:\/\/yayat.org\/ya_con\/uploads\/2018\/07\/lab14-300x203.jpg 300w","medium_srcset":"https:\/\/yayat.org\/ya_con\/uploads\/2018\/07\/lab14-300x203.jpg 300w, https:\/\/yayat.org\/ya_con\/uploads\/2018\/07\/lab14-150x101.jpg 150w, https:\/\/yayat.org\/ya_con\/uploads\/2018\/07\/lab14.jpg 370w","media_details":{"width":370,"height":250,"sizes":{"thumbnail":{"file":"lab14-150x101.jpg","width":150,"height":101,"mime-type":"image\/jpeg","source_url":"https:\/\/yayat.org\/ya_con\/uploads\/2018\/07\/lab14-150x101.jpg"},"medium":{"file":"lab14-300x203.jpg","width":300,"height":203,"mime-type":"image\/jpeg","source_url":"https:\/\/yayat.org\/ya_con\/uploads\/2018\/07\/lab14-300x203.jpg"}}},"alt_text":"","url":"","target":""},{"id":124,"title":"lab13","caption":"","full_image_url":"https:\/\/yayat.org\/ya_con\/uploads\/2018\/07\/lab13.jpg","thumbnail_image_url":"https:\/\/yayat.org\/ya_con\/uploads\/2018\/07\/lab13-150x101.jpg","large_srcset":"https:\/\/yayat.org\/ya_con\/uploads\/2018\/07\/lab13.jpg 370w, https:\/\/yayat.org\/ya_con\/uploads\/2018\/07\/lab13-150x101.jpg 150w, https:\/\/yayat.org\/ya_con\/uploads\/2018\/07\/lab13-300x203.jpg 300w","medium_srcset":"https:\/\/yayat.org\/ya_con\/uploads\/2018\/07\/lab13-300x203.jpg 300w, https:\/\/yayat.org\/ya_con\/uploads\/2018\/07\/lab13-150x101.jpg 150w, https:\/\/yayat.org\/ya_con\/uploads\/2018\/07\/lab13.jpg 370w","media_details":{"width":370,"height":250,"sizes":{"thumbnail":{"file":"lab13-150x101.jpg","width":150,"height":101,"mime-type":"image\/jpeg","source_url":"https:\/\/yayat.org\/ya_con\/uploads\/2018\/07\/lab13-150x101.jpg"},"medium":{"file":"lab13-300x203.jpg","width":300,"height":203,"mime-type":"image\/jpeg","source_url":"https:\/\/yayat.org\/ya_con\/uploads\/2018\/07\/lab13-300x203.jpg"}}},"alt_text":"","url":"","target":""},{"id":123,"title":"lab4","caption":"","full_image_url":"https:\/\/yayat.org\/ya_con\/uploads\/2018\/07\/lab4.jpg","thumbnail_image_url":"https:\/\/yayat.org\/ya_con\/uploads\/2018\/07\/lab4-150x101.jpg","large_srcset":"https:\/\/yayat.org\/ya_con\/uploads\/2018\/07\/lab4.jpg 370w, https:\/\/yayat.org\/ya_con\/uploads\/2018\/07\/lab4-150x101.jpg 150w, https:\/\/yayat.org\/ya_con\/uploads\/2018\/07\/lab4-300x203.jpg 300w","medium_srcset":"https:\/\/yayat.org\/ya_con\/uploads\/2018\/07\/lab4-300x203.jpg 300w, https:\/\/yayat.org\/ya_con\/uploads\/2018\/07\/lab4-150x101.jpg 150w, https:\/\/yayat.org\/ya_con\/uploads\/2018\/07\/lab4.jpg 370w","media_details":{"width":370,"height":250,"sizes":{"thumbnail":{"file":"lab4-150x101.jpg","width":150,"height":101,"mime-type":"image\/jpeg","source_url":"https:\/\/yayat.org\/ya_con\/uploads\/2018\/07\/lab4-150x101.jpg"},"medium":{"file":"lab4-300x203.jpg","width":300,"height":203,"mime-type":"image\/jpeg","source_url":"https:\/\/yayat.org\/ya_con\/uploads\/2018\/07\/lab4-300x203.jpg"}}},"alt_text":"","url":"","target":""},{"id":122,"title":"lab9 (2)","caption":"","full_image_url":"https:\/\/yayat.org\/ya_con\/uploads\/2018\/07\/lab9-2.jpg","thumbnail_image_url":"https:\/\/yayat.org\/ya_con\/uploads\/2018\/07\/lab9-2-150x101.jpg","large_srcset":"https:\/\/yayat.org\/ya_con\/uploads\/2018\/07\/lab9-2.jpg 370w, https:\/\/yayat.org\/ya_con\/uploads\/2018\/07\/lab9-2-150x101.jpg 150w, https:\/\/yayat.org\/ya_con\/uploads\/2018\/07\/lab9-2-300x203.jpg 300w","medium_srcset":"https:\/\/yayat.org\/ya_con\/uploads\/2018\/07\/lab9-2-300x203.jpg 300w, https:\/\/yayat.org\/ya_con\/uploads\/2018\/07\/lab9-2-150x101.jpg 150w, https:\/\/yayat.org\/ya_con\/uploads\/2018\/07\/lab9-2.jpg 370w","media_details":{"width":370,"height":250,"sizes":{"thumbnail":{"file":"lab9-2-150x101.jpg","width":150,"height":101,"mime-type":"image\/jpeg","source_url":"https:\/\/yayat.org\/ya_con\/uploads\/2018\/07\/lab9-2-150x101.jpg"},"medium":{"file":"lab9-2-300x203.jpg","width":300,"height":203,"mime-type":"image\/jpeg","source_url":"https:\/\/yayat.org\/ya_con\/uploads\/2018\/07\/lab9-2-300x203.jpg"}}},"alt_text":"","url":"","target":""},{"id":121,"title":"lab3","caption":"","full_image_url":"https:\/\/yayat.org\/ya_con\/uploads\/2018\/07\/lab3.jpg","thumbnail_image_url":"https:\/\/yayat.org\/ya_con\/uploads\/2018\/07\/lab3-150x101.jpg","large_srcset":"https:\/\/yayat.org\/ya_con\/uploads\/2018\/07\/lab3.jpg 370w, https:\/\/yayat.org\/ya_con\/uploads\/2018\/07\/lab3-150x101.jpg 150w, https:\/\/yayat.org\/ya_con\/uploads\/2018\/07\/lab3-300x203.jpg 300w","medium_srcset":"https:\/\/yayat.org\/ya_con\/uploads\/2018\/07\/lab3-300x203.jpg 300w, https:\/\/yayat.org\/ya_con\/uploads\/2018\/07\/lab3-150x101.jpg 150w, https:\/\/yayat.org\/ya_con\/uploads\/2018\/07\/lab3.jpg 370w","media_details":{"width":370,"height":250,"sizes":{"thumbnail":{"file":"lab3-150x101.jpg","width":150,"height":101,"mime-type":"image\/jpeg","source_url":"https:\/\/yayat.org\/ya_con\/uploads\/2018\/07\/lab3-150x101.jpg"},"medium":{"file":"lab3-300x203.jpg","width":300,"height":203,"mime-type":"image\/jpeg","source_url":"https:\/\/yayat.org\/ya_con\/uploads\/2018\/07\/lab3-300x203.jpg"}}},"alt_text":"","url":"","target":""}]]}},"_links":{"self":[{"href":"https:\/\/yayat.org\/fr\/wp-json\/wp\/v2\/pages\/114","targetHints":{"allow":["GET"]}}],"collection":[{"href":"https:\/\/yayat.org\/fr\/wp-json\/wp\/v2\/pages"}],"about":[{"href":"https:\/\/yayat.org\/fr\/wp-json\/wp\/v2\/types\/page"}],"author":[{"embeddable":true,"href":"https:\/\/yayat.org\/fr\/wp-json\/wp\/v2\/users\/1"}],"replies":[{"embeddable":true,"href":"https:\/\/yayat.org\/fr\/wp-json\/wp\/v2\/comments?post=114"}],"version-history":[{"count":0,"href":"https:\/\/yayat.org\/fr\/wp-json\/wp\/v2\/pages\/114\/revisions"}],"wp:featuredmedia":[{"embeddable":true,"href":"https:\/\/yayat.org\/fr\/wp-json\/wp\/v2\/media\/115"}],"wp:attachment":[{"href":"https:\/\/yayat.org\/fr\/wp-json\/wp\/v2\/media?parent=114"}],"curies":[{"name":"wp","href":"https:\/\/api.w.org\/{rel}","templated":true}]}}