{"id":311,"date":"2018-08-06T08:55:04","date_gmt":"2018-08-06T08:55:04","guid":{"rendered":"http:\/\/yayat.org\/?page_id=311"},"modified":"2019-08-17T18:49:56","modified_gmt":"2019-08-17T16:49:56","slug":"%d8%aa%d8%a3%d9%83%d9%8a%d8%af-%d8%a7%d9%84%d8%a7%d8%b4%d8%aa%d8%b1%d8%a7%d9%83","status":"publish","type":"page","link":"https:\/\/yayat.org\/fr\/%d8%aa%d8%a3%d9%83%d9%8a%d8%af-%d8%a7%d9%84%d8%a7%d8%b4%d8%aa%d8%b1%d8%a7%d9%83\/","title":{"rendered":"Confirmation"},"content":{"rendered":"<p><\/p>\n<p>Merci de vous \u00eatre abonn\u00e9 \u00e0 la newsLetter de la soci\u00e9t\u00e9 Yayat. Vous avez \u00e9t\u00e9 abonn\u00e9 avec succ\u00e8s.<\/p>\n<p><\/p>","protected":false},"excerpt":{"rendered":"<p>Merci de vous \u00eatre abonn\u00e9 \u00e0 la newsLetter de la soci\u00e9t\u00e9 Yayat. Vous avez \u00e9t\u00e9 abonn\u00e9 avec succ\u00e8s.<\/p>\n","protected":false},"author":1,"featured_media":175,"parent":0,"menu_order":3,"comment_status":"closed","ping_status":"closed","template":"","meta":{"_acf_changed":false,"footnotes":""},"class_list":["post-311","page","type-page","status-publish","has-post-thumbnail","hentry"],"acf":[],"_links":{"self":[{"href":"https:\/\/yayat.org\/fr\/wp-json\/wp\/v2\/pages\/311","targetHints":{"allow":["GET"]}}],"collection":[{"href":"https:\/\/yayat.org\/fr\/wp-json\/wp\/v2\/pages"}],"about":[{"href":"https:\/\/yayat.org\/fr\/wp-json\/wp\/v2\/types\/page"}],"author":[{"embeddable":true,"href":"https:\/\/yayat.org\/fr\/wp-json\/wp\/v2\/users\/1"}],"replies":[{"embeddable":true,"href":"https:\/\/yayat.org\/fr\/wp-json\/wp\/v2\/comments?post=311"}],"version-history":[{"count":0,"href":"https:\/\/yayat.org\/fr\/wp-json\/wp\/v2\/pages\/311\/revisions"}],"wp:featuredmedia":[{"embeddable":true,"href":"https:\/\/yayat.org\/fr\/wp-json\/wp\/v2\/media\/175"}],"wp:attachment":[{"href":"https:\/\/yayat.org\/fr\/wp-json\/wp\/v2\/media?parent=311"}],"curies":[{"name":"wp","href":"https:\/\/api.w.org\/{rel}","templated":true}]}}