{"id":312,"date":"2018-08-06T08:56:26","date_gmt":"2018-08-06T08:56:26","guid":{"rendered":"http:\/\/yayat.org\/?page_id=312"},"modified":"2019-08-17T18:48:42","modified_gmt":"2019-08-17T16:48:42","slug":"%d8%a5%d9%84%d8%ba%d8%a7%d8%a1-%d8%a7%d8%b4%d8%aa%d8%b1%d8%a7%d9%83%d9%83","status":"publish","type":"page","link":"https:\/\/yayat.org\/fr\/%d8%a5%d9%84%d8%ba%d8%a7%d8%a1-%d8%a7%d8%b4%d8%aa%d8%b1%d8%a7%d9%83%d9%83\/","title":{"rendered":"Se d\u00e9sabonner"},"content":{"rendered":"<p><\/p>\n<p>Vous avez \u00e9t\u00e9 d\u00e9sabonn\u00e9 avec succ\u00e8s de la lettre d\u2019information de la soci\u00e9t\u00e9 Yayat.<\/p>\n<p><\/p>","protected":false},"excerpt":{"rendered":"<p>Vous avez \u00e9t\u00e9 d\u00e9sabonn\u00e9 avec succ\u00e8s de la lettre d\u2019information de la soci\u00e9t\u00e9 Yayat.<\/p>\n","protected":false},"author":1,"featured_media":175,"parent":0,"menu_order":2,"comment_status":"closed","ping_status":"closed","template":"","meta":{"_acf_changed":false,"footnotes":""},"class_list":["post-312","page","type-page","status-publish","has-post-thumbnail","hentry"],"acf":[],"_links":{"self":[{"href":"https:\/\/yayat.org\/fr\/wp-json\/wp\/v2\/pages\/312","targetHints":{"allow":["GET"]}}],"collection":[{"href":"https:\/\/yayat.org\/fr\/wp-json\/wp\/v2\/pages"}],"about":[{"href":"https:\/\/yayat.org\/fr\/wp-json\/wp\/v2\/types\/page"}],"author":[{"embeddable":true,"href":"https:\/\/yayat.org\/fr\/wp-json\/wp\/v2\/users\/1"}],"replies":[{"embeddable":true,"href":"https:\/\/yayat.org\/fr\/wp-json\/wp\/v2\/comments?post=312"}],"version-history":[{"count":0,"href":"https:\/\/yayat.org\/fr\/wp-json\/wp\/v2\/pages\/312\/revisions"}],"wp:featuredmedia":[{"embeddable":true,"href":"https:\/\/yayat.org\/fr\/wp-json\/wp\/v2\/media\/175"}],"wp:attachment":[{"href":"https:\/\/yayat.org\/fr\/wp-json\/wp\/v2\/media?parent=312"}],"curies":[{"name":"wp","href":"https:\/\/api.w.org\/{rel}","templated":true}]}}