{"id":69,"date":"2018-07-30T08:28:28","date_gmt":"2018-07-30T08:28:28","guid":{"rendered":"http:\/\/yayat.org\/?page_id=69"},"modified":"2026-01-26T17:55:54","modified_gmt":"2026-01-26T15:55:54","slug":"about-us","status":"publish","type":"page","link":"https:\/\/yayat.org\/fr\/about-us\/","title":{"rendered":"\u00c0 propos de nous"},"content":{"rendered":"<p><\/p>\n<p dir=\"ltr\" style=\"direction: ltr\">Nom de la soci\u00e9t\u00e9: Entreprise de fabrication de ressorts et de mat\u00e9riel de transport (YAYAT)\u00a0\u00a0<\/p>\n<p style=\"direction: ltr\">Forme juridique: une filiale (soci\u00e9t\u00e9 de possession des industries chimiques), une soci\u00e9t\u00e9 par actions \u00e9gyptienne<\/p>\n<p style=\"direction: ltr\"><span style=\"color: #ff0000\">:Si\u00e8ge et usines<\/span><\/p>\n<p style=\"direction: ltr\"><span style=\"color: #ff0000\">* Usine De Ressorts En papier<\/span><\/p>\n<p style=\"direction: ltr\"><span style=\"color: #ff0000\">* Usine De Ressorts En Spirale<\/span><\/p>\n<p style=\"direction: ltr\"><span style=\"color: #ff0000\">\u00a0* Usine de plaquettes de Frein<\/span><\/p>\n<p>&nbsp;<\/p>\n<p><\/p>","protected":false},"excerpt":{"rendered":"<p>Nom de la soci\u00e9t\u00e9: Entreprise de fabrication de ressorts et de mat\u00e9riel de transport (YAYAT)\u00a0\u00a0 Forme juridique: une filiale (soci\u00e9t\u00e9 de possession des industries chimiques), une soci\u00e9t\u00e9 par actions \u00e9gyptienne :Si\u00e8ge et usines * Usine De Ressorts En papier * Usine De Ressorts En Spirale \u00a0* Usine de plaquettes de Frein &nbsp;<\/p>\n","protected":false},"author":1,"featured_media":70,"parent":0,"menu_order":10,"comment_status":"closed","ping_status":"closed","template":"about.php","meta":{"_acf_changed":false,"footnotes":""},"class_list":["post-69","page","type-page","status-publish","has-post-thumbnail","hentry"],"acf":[],"_links":{"self":[{"href":"https:\/\/yayat.org\/fr\/wp-json\/wp\/v2\/pages\/69","targetHints":{"allow":["GET"]}}],"collection":[{"href":"https:\/\/yayat.org\/fr\/wp-json\/wp\/v2\/pages"}],"about":[{"href":"https:\/\/yayat.org\/fr\/wp-json\/wp\/v2\/types\/page"}],"author":[{"embeddable":true,"href":"https:\/\/yayat.org\/fr\/wp-json\/wp\/v2\/users\/1"}],"replies":[{"embeddable":true,"href":"https:\/\/yayat.org\/fr\/wp-json\/wp\/v2\/comments?post=69"}],"version-history":[{"count":0,"href":"https:\/\/yayat.org\/fr\/wp-json\/wp\/v2\/pages\/69\/revisions"}],"wp:featuredmedia":[{"embeddable":true,"href":"https:\/\/yayat.org\/fr\/wp-json\/wp\/v2\/media\/70"}],"wp:attachment":[{"href":"https:\/\/yayat.org\/fr\/wp-json\/wp\/v2\/media?parent=69"}],"curies":[{"name":"wp","href":"https:\/\/api.w.org\/{rel}","templated":true}]}}